{"id":7100,"date":"2025-06-17T22:46:20","date_gmt":"2025-06-17T22:46:20","guid":{"rendered":"https:\/\/enterijer.izradawebstranica.rs\/?page_id=7100"},"modified":"2025-11-19T09:03:19","modified_gmt":"2025-11-19T09:03:19","slug":"blog","status":"publish","type":"page","link":"https:\/\/ej-group.eu\/ru\/blog\/","title":{"rendered":"\u0411\u043b\u043e\u0433"},"content":{"rendered":"<div data-elementor-type=\"wp-page\" data-elementor-id=\"7100\" class=\"elementor elementor-7100\">\n\t\t\t\t<div class=\"elementor-element elementor-element-f96fe35 e-con-full e-flex elementor-invisible e-con e-parent\" data-id=\"f96fe35\" data-element_type=\"container\" data-settings=\"{&quot;background_background&quot;:&quot;classic&quot;,&quot;animation&quot;:&quot;fadeInUp&quot;}\">\n\t\t \t\t<div class=\"elementor-element elementor-element-56d56f8 subtitle-position-above elementor-align-center elementor-widget__width-initial elementor-invisible elementor-widget elementor-widget-interanio-heading\" data-id=\"56d56f8\" data-element_type=\"widget\" data-settings=\"{&quot;_animation&quot;:&quot;fadeInLeft&quot;}\" data-widget_type=\"interanio-heading.default\">\n\t\t\t\t<div class=\"elementor-widget-container\">\n\t\t\t\t\t<div class=\"elementor-heading-wrapper-inner\"><div class=\"elementor-sub-title\"><span>blog<\/span><\/div><\/div>\t\t\t\t<\/div>\n\t\t\t\t<\/div>\n\t\t\t\t<div class=\"elementor-element elementor-element-1a31c36 subtitle-position-above elementor-align-center elementor-widget__width-initial elementor-mobile-align-center elementor-invisible elementor-widget elementor-widget-interanio-heading\" data-id=\"1a31c36\" data-element_type=\"widget\" data-settings=\"{&quot;_animation&quot;:&quot;fadeInLeft&quot;}\" data-widget_type=\"interanio-heading.default\">\n\t\t\t\t<div class=\"elementor-widget-container\">\n\t\t\t\t\t<div class=\"elementor-heading-wrapper-inner\"><h2 class=\"elementor-heading-title elementor-size-default\">\u041f\u043e\u0441\u043b\u0435\u0434\u043d\u0438\u0435 \u043d\u043e\u0432\u043e\u0441\u0442\u0438 \u043d\u0430\u0448\u0435\u0433\u043e \u0431\u043b\u043e\u0433\u0430<\/h2><\/div>\t\t\t\t<\/div>\n\t\t\t\t<\/div>\n\t\t\t\t<\/div>\n\t\t<div class=\"elementor-element elementor-element-977b8cf e-con-full e-flex e-con e-parent\" data-id=\"977b8cf\" data-element_type=\"container\" data-settings=\"{&quot;animation&quot;:&quot;none&quot;}\">\n\t\t\t\t<div class=\"elementor-element elementor-element-16e2b35 elementor-grid-eael-col-3 elementor-grid-tablet-eael-col-2 elementor-grid-mobile-eael-col-1 elementor-widget elementor-widget-eael-post-grid\" data-id=\"16e2b35\" data-element_type=\"widget\" data-settings=\"{&quot;eael_post_grid_columns&quot;:&quot;eael-col-3&quot;,&quot;eael_post_grid_columns_tablet&quot;:&quot;eael-col-2&quot;,&quot;eael_post_grid_columns_mobile&quot;:&quot;eael-col-1&quot;}\" data-widget_type=\"eael-post-grid.default\">\n\t\t\t\t<div class=\"elementor-widget-container\">\n\t\t\t\t\t<div id=\"eael-post-grid-16e2b35\" class=\"eael-post-grid-container\">\n            <div class=\"eael-post-grid eael-post-appender eael-post-appender-16e2b35 eael-post-grid-style-two\" data-layout-mode=\"masonry\"><article class=\"eael-grid-post  eael-post-grid-column eael-pg-post-12041 category-dualno-obrazovanje\" data-id=\"12041\">\n    <div class=\"eael-grid-post-holder\">\n        <div class=\"eael-grid-post-holder-inner\"><div class=\"eael-entry-media\"><div class=\"eael-entry-overlay fade-in\"><i class=\"fas fa-long-arrow-alt-right\" aria-hidden=\"true\"><\/i><a href=\"https:\/\/ej-group.eu\/ru\/dualno-obrazovanje\/\"><\/a><\/div><div class=\"eael-entry-thumbnail\">\n                            <img fetchpriority=\"high\" decoding=\"async\" width=\"980\" height=\"654\" src=\"https:\/\/ej-group.eu\/wp-content\/uploads\/2025\/11\/Dualno-obrazovanje-4-1024x683.webp\" class=\"attachment-large size-large wp-image-12011\" alt=\"\" srcset=\"https:\/\/ej-group.eu\/wp-content\/uploads\/2025\/11\/Dualno-obrazovanje-4-1024x683.webp 1024w, https:\/\/ej-group.eu\/wp-content\/uploads\/2025\/11\/Dualno-obrazovanje-4-300x200.webp 300w, https:\/\/ej-group.eu\/wp-content\/uploads\/2025\/11\/Dualno-obrazovanje-4-768x512.webp 768w, https:\/\/ej-group.eu\/wp-content\/uploads\/2025\/11\/Dualno-obrazovanje-4-18x12.webp 18w, https:\/\/ej-group.eu\/wp-content\/uploads\/2025\/11\/Dualno-obrazovanje-4-750x500.webp 750w, https:\/\/ej-group.eu\/wp-content\/uploads\/2025\/11\/Dualno-obrazovanje-4.webp 1200w\" sizes=\"(max-width: 980px) 100vw, 980px\" \/>\n                            <\/div>\n                    <\/div><div class=\"eael-entry-wrapper\"><header class=\"eael-entry-header\"><h2 class=\"eael-entry-title\"><a class=\"eael-grid-post-link\" href=\"https:\/\/ej-group.eu\/ru\/dualno-obrazovanje\/\" title=\"\u0414\u0443\u0430\u043b\u044c\u043d\u043e\u0435 \u043e\u0431\u0440\u0430\u0437\u043e\u0432\u0430\u043d\u0438\u0435 \u2013 \u0441\u043e\u0435\u0434\u0438\u043d\u0435\u043d\u0438\u0435 \u0442\u0440\u0430\u0434\u0438\u0446\u0438\u0438, \u0438\u043d\u043d\u043e\u0432\u0430\u0446\u0438\u0438 \u0438 \u0431\u0443\u0434\u0443\u0449\u043d\u043e\u0441\u0442\u0438 \u043c\u043e\u043b\u043e\u0434\u044b\u0445 \u0441\u043f\u0435\u0446\u0438\u0430\u043b\u0438\u0441\u0442\u043e\u0432\">\u0414\u0443\u0430\u043b\u044c\u043d\u043e\u0435 \u043e\u0431\u0440\u0430\u0437\u043e\u0432\u0430\u043d\u0438\u0435 \u2013 \u0441\u043e\u0435\u0434\u0438\u043d\u0435\u043d\u0438\u0435 \u0442\u0440\u0430\u0434\u0438\u0446\u0438\u0438, \u0438\u043d\u043d\u043e\u0432\u0430\u0446\u0438\u0438 \u0438 \u0431\u0443\u0434\u0443\u0449\u043d\u043e\u0441\u0442\u0438 \u043c\u043e\u043b\u043e\u0434\u044b\u0445 \u0441\u043f\u0435\u0446\u0438\u0430\u043b\u0438\u0441\u0442\u043e\u0432<\/a><\/h2><\/header><\/div><\/div>\n    <\/div>\n<\/article><article class=\"eael-grid-post  eael-post-grid-column eael-pg-post-11959 category-industrija-4-0\" data-id=\"11959\">\n    <div class=\"eael-grid-post-holder\">\n        <div class=\"eael-grid-post-holder-inner\"><div class=\"eael-entry-media\"><div class=\"eael-entry-overlay fade-in\"><i class=\"fas fa-long-arrow-alt-right\" aria-hidden=\"true\"><\/i><a href=\"https:\/\/ej-group.eu\/ru\/prva-industrija-4-0-u-regionu\/\"><\/a><\/div><div class=\"eael-entry-thumbnail\">\n                            <img decoding=\"async\" width=\"980\" height=\"556\" src=\"https:\/\/ej-group.eu\/wp-content\/uploads\/2025\/11\/2021_03_10-Converted-1024x581.webp\" class=\"attachment-large size-large wp-image-11966\" alt=\"\" srcset=\"https:\/\/ej-group.eu\/wp-content\/uploads\/2025\/11\/2021_03_10-Converted-1024x581.webp 1024w, https:\/\/ej-group.eu\/wp-content\/uploads\/2025\/11\/2021_03_10-Converted-300x170.webp 300w, https:\/\/ej-group.eu\/wp-content\/uploads\/2025\/11\/2021_03_10-Converted-768x436.webp 768w, https:\/\/ej-group.eu\/wp-content\/uploads\/2025\/11\/2021_03_10-Converted-1536x872.webp 1536w, https:\/\/ej-group.eu\/wp-content\/uploads\/2025\/11\/2021_03_10-Converted-2048x1163.webp 2048w, https:\/\/ej-group.eu\/wp-content\/uploads\/2025\/11\/2021_03_10-Converted-18x10.webp 18w, https:\/\/ej-group.eu\/wp-content\/uploads\/2025\/11\/2021_03_10-Converted-770x437.webp 770w\" sizes=\"(max-width: 980px) 100vw, 980px\" \/>\n                            <\/div>\n                    <\/div><div class=\"eael-entry-wrapper\"><header class=\"eael-entry-header\"><h2 class=\"eael-entry-title\"><a class=\"eael-grid-post-link\" href=\"https:\/\/ej-group.eu\/ru\/prva-industrija-4-0-u-regionu\/\" title=\"Enterijer Jankovi\u0107 otvara prvu fabriku industrije 4.0 u regionu\">Enterijer Jankovi\u0107 otvara prvu fabriku industrije 4.0 u regionu<\/a><\/h2><\/header><\/div><\/div>\n    <\/div>\n<\/article><article class=\"eael-grid-post  eael-post-grid-column eael-pg-post-8991 category-alustone\" data-id=\"8991\">\n    <div class=\"eael-grid-post-holder\">\n        <div class=\"eael-grid-post-holder-inner\"><div class=\"eael-entry-media\"><div class=\"eael-entry-overlay fade-in\"><i class=\"fas fa-long-arrow-alt-right\" aria-hidden=\"true\"><\/i><a href=\"https:\/\/ej-group.eu\/ru\/alustone-strucnost-i-inovacija-u-sluzbi-savrsenstva-obrade-kamena\/\"><\/a><\/div><div class=\"eael-entry-thumbnail\">\n                            <img decoding=\"async\" width=\"980\" height=\"649\" src=\"https:\/\/ej-group.eu\/wp-content\/uploads\/2025\/07\/IMG_5521-Enhanced-NR-1024x678.jpg\" class=\"attachment-large size-large wp-image-8992\" alt=\"\" srcset=\"https:\/\/ej-group.eu\/wp-content\/uploads\/2025\/07\/IMG_5521-Enhanced-NR-1024x678.jpg 1024w, https:\/\/ej-group.eu\/wp-content\/uploads\/2025\/07\/IMG_5521-Enhanced-NR-300x199.jpg 300w, https:\/\/ej-group.eu\/wp-content\/uploads\/2025\/07\/IMG_5521-Enhanced-NR-768x509.jpg 768w, https:\/\/ej-group.eu\/wp-content\/uploads\/2025\/07\/IMG_5521-Enhanced-NR-1536x1017.jpg 1536w, https:\/\/ej-group.eu\/wp-content\/uploads\/2025\/07\/IMG_5521-Enhanced-NR-2048x1356.jpg 2048w, https:\/\/ej-group.eu\/wp-content\/uploads\/2025\/07\/IMG_5521-Enhanced-NR-755x500.jpg 755w\" sizes=\"(max-width: 980px) 100vw, 980px\" \/>\n                            <\/div>\n                    <\/div><div class=\"eael-entry-wrapper\"><header class=\"eael-entry-header\"><h2 class=\"eael-entry-title\"><a class=\"eael-grid-post-link\" href=\"https:\/\/ej-group.eu\/ru\/alustone-strucnost-i-inovacija-u-sluzbi-savrsenstva-obrade-kamena\/\" title=\"AluStone &#8211; Stru\u010dnost i inovacija u slu\u017ebi savr\u0161enstva obrade kamena\">AluStone \u2014 \u041f\u0440\u043e\u0444\u0435\u0441\u0441\u0438\u043e\u043d\u0430\u043b\u0438\u0437\u043c \u0438 \u0438\u043d\u043d\u043e\u0432\u0430\u0446\u0438\u0438 \u043d\u0430 \u0441\u043b\u0443\u0436\u0431\u0435 \u0441\u043e\u0432\u0435\u0440\u0448\u0435\u043d\u0441\u0442\u0432\u0430 \u043e\u0431\u0440\u0430\u0431\u043e\u0442\u043a\u0438 \u043a\u0430\u043c\u043d\u044f<\/a><\/h2><\/header><\/div><\/div>\n    <\/div>\n<\/article><\/div>\n            <div class=\"clearfix\"><\/div>\n        <\/div>\t\t\t\t<\/div>\n\t\t\t\t<\/div>\n\t\t\t\t<div class=\"elementor-element elementor-element-cae632a elementor-hidden-desktop elementor-hidden-laptop elementor-hidden-tablet_extra elementor-hidden-tablet elementor-hidden-mobile_extra elementor-hidden-mobile elementor-widget elementor-widget-elementskit-blog-posts\" data-id=\"cae632a\" data-element_type=\"widget\" data-widget_type=\"elementskit-blog-posts.default\">\n\t\t\t\t<div class=\"elementor-widget-container\">\n\t\t\t\t\t<div class=\"ekit-wid-con\" >        <div id=\"post-items--cae632a\" class=\"row post-items\">\n                    <div class=\"col-md-12\">\n\n                                    <div class=\"elementskit-blog-block-post\">\n                        <div class=\"row no-gutters\">\n                                                            <div class=\"col-md-6 order-1\">\n                                    <a href=\"https:\/\/ej-group.eu\/ru\/dualno-obrazovanje\/\" class=\"elementskit-entry-thumb\">\n                                        <img decoding=\"async\" src=\"https:\/\/ej-group.eu\/wp-content\/uploads\/2025\/11\/Dualno-obrazovanje-4-1024x683.webp\" alt=\"Dualno obrazovanje \u2013 spoj tradicije, inovacije i budu\u0107nosti mladih stru\u010dnjaka\">\n                                    <\/a><!-- .elementskit-entry-thumb END -->\n                                <\/div>\n                            \n                            <div class=\"col-md-6 order-2\">\n                                <div class=\"elementskit-post-body\">\n                                    <div class=\"elementskit-entry-header\">\n                                        \n                                            \n                                                                                            \t\t\t\t<h2 class=\"entry-title\">\n\t\t\t\t\t<a href=\"https:\/\/ej-group.eu\/ru\/dualno-obrazovanje\/\">\n\t\t\t\t\t\t\u0414\u0443\u0430\u043b\u044c\u043d\u043e\u0435 \u043e\u0431\u0440\u0430\u0437\u043e\u0432\u0430\u043d\u0438\u0435 \u2013 \u0441\u043e\u0435\u0434\u0438\u043d\u0435\u043d\u0438\u0435 \u0442\u0440\u0430\u0434\u0438\u0446\u0438\u0438, \u0438\u043d\u043d\u043e\u0432\u0430\u0446\u0438\u0438 \u0438 \u0431\u0443\u0434\u0443\u0449\u043d\u043e\u0441\u0442\u0438 \u043c\u043e\u043b\u043e\u0434\u044b\u0445 \u0441\u043f\u0435\u0446\u0438\u0430\u043b\u0438\u0441\u0442\u043e\u0432\t\t\t\t\t<\/a>\n\t\t\t\t<\/h2>\n\t\t\t                                            \n                                                                                <\/div><!-- .elementskit-entry-header END -->\n\n                                                                    <\/div><!-- .elementskit-post-body END -->\n                            <\/div>\n                        <\/div>\n                    <\/div><!-- .elementskit-blog-block-post .radius .gradient-bg END -->\n                \n            <\/div>\n                    <div class=\"col-md-12\">\n\n                                    <div class=\"elementskit-blog-block-post\">\n                        <div class=\"row no-gutters\">\n                                                            <div class=\"col-md-6 order-1\">\n                                    <a href=\"https:\/\/ej-group.eu\/ru\/prva-industrija-4-0-u-regionu\/\" class=\"elementskit-entry-thumb\">\n                                        <img decoding=\"async\" src=\"https:\/\/ej-group.eu\/wp-content\/uploads\/2025\/11\/2021_03_10-Converted-1024x581.webp\" alt=\"Enterijer Jankovi\u0107 otvara prvu fabriku industrije 4.0 u regionu\">\n                                    <\/a><!-- .elementskit-entry-thumb END -->\n                                <\/div>\n                            \n                            <div class=\"col-md-6 order-2\">\n                                <div class=\"elementskit-post-body\">\n                                    <div class=\"elementskit-entry-header\">\n                                        \n                                            \n                                                                                            \t\t\t\t<h2 class=\"entry-title\">\n\t\t\t\t\t<a href=\"https:\/\/ej-group.eu\/ru\/prva-industrija-4-0-u-regionu\/\">\n\t\t\t\t\t\tEnterijer Jankovi\u0107 otvara prvu fabriku industrije 4.0 u regionu\t\t\t\t\t<\/a>\n\t\t\t\t<\/h2>\n\t\t\t                                            \n                                                                                <\/div><!-- .elementskit-entry-header END -->\n\n                                                                    <\/div><!-- .elementskit-post-body END -->\n                            <\/div>\n                        <\/div>\n                    <\/div><!-- .elementskit-blog-block-post .radius .gradient-bg END -->\n                \n            <\/div>\n                    <div class=\"col-md-12\">\n\n                                    <div class=\"elementskit-blog-block-post\">\n                        <div class=\"row no-gutters\">\n                                                            <div class=\"col-md-6 order-1\">\n                                    <a href=\"https:\/\/ej-group.eu\/ru\/alustone-strucnost-i-inovacija-u-sluzbi-savrsenstva-obrade-kamena\/\" class=\"elementskit-entry-thumb\">\n                                        <img decoding=\"async\" src=\"https:\/\/ej-group.eu\/wp-content\/uploads\/2025\/07\/IMG_5521-Enhanced-NR-1024x678.jpg\" alt=\"AluStone &#8211; Stru\u010dnost i inovacija u slu\u017ebi savr\u0161enstva obrade kamena\">\n                                    <\/a><!-- .elementskit-entry-thumb END -->\n                                <\/div>\n                            \n                            <div class=\"col-md-6 order-2\">\n                                <div class=\"elementskit-post-body\">\n                                    <div class=\"elementskit-entry-header\">\n                                        \n                                            \n                                                                                            \t\t\t\t<h2 class=\"entry-title\">\n\t\t\t\t\t<a href=\"https:\/\/ej-group.eu\/ru\/alustone-strucnost-i-inovacija-u-sluzbi-savrsenstva-obrade-kamena\/\">\n\t\t\t\t\t\tAluStone \u2014 \u041f\u0440\u043e\u0444\u0435\u0441\u0441\u0438\u043e\u043d\u0430\u043b\u0438\u0437\u043c \u0438 \u0438\u043d\u043d\u043e\u0432\u0430\u0446\u0438\u0438 \u043d\u0430 \u0441\u043b\u0443\u0436\u0431\u0435 \u0441\u043e\u0432\u0435\u0440\u0448\u0435\u043d\u0441\u0442\u0432\u0430 \u043e\u0431\u0440\u0430\u0431\u043e\u0442\u043a\u0438 \u043a\u0430\u043c\u043d\u044f\t\t\t\t\t<\/a>\n\t\t\t\t<\/h2>\n\t\t\t                                            \n                                                                                <\/div><!-- .elementskit-entry-header END -->\n\n                                                                    <\/div><!-- .elementskit-post-body END -->\n                            <\/div>\n                        <\/div>\n                    <\/div><!-- .elementskit-blog-block-post .radius .gradient-bg END -->\n                \n            <\/div>\n                <\/div>\n       <\/div>\t\t\t\t<\/div>\n\t\t\t\t<\/div>\n\t\t\t\t<\/div>\n\t\t\t\t<\/div>","protected":false},"excerpt":{"rendered":"<p>blog Najnovije iz na\u0161eg bloga mo\u017eete pogledati ovde Dualno obrazovanje \u2013 spoj tradicije, inovacije i budu\u0107nosti mladih stru\u010dnjaka Enterijer Jankovi\u0107 otvara prvu fabriku industrije 4.0 u regionu AluStone &#8211; Stru\u010dnost i inovacija u slu\u017ebi savr\u0161enstva obrade kamena Dualno obrazovanje \u2013 spoj tradicije, inovacije i budu\u0107nosti mladih stru\u010dnjaka Enterijer Jankovi\u0107 otvara prvu fabriku industrije 4.0 u [&hellip;]<\/p>","protected":false},"author":1,"featured_media":0,"parent":0,"menu_order":0,"comment_status":"closed","ping_status":"closed","template":"","meta":{"footnotes":""},"class_list":["post-7100","page","type-page","status-publish","hentry"],"_links":{"self":[{"href":"https:\/\/ej-group.eu\/ru\/wp-json\/wp\/v2\/pages\/7100","targetHints":{"allow":["GET"]}}],"collection":[{"href":"https:\/\/ej-group.eu\/ru\/wp-json\/wp\/v2\/pages"}],"about":[{"href":"https:\/\/ej-group.eu\/ru\/wp-json\/wp\/v2\/types\/page"}],"author":[{"embeddable":true,"href":"https:\/\/ej-group.eu\/ru\/wp-json\/wp\/v2\/users\/1"}],"replies":[{"embeddable":true,"href":"https:\/\/ej-group.eu\/ru\/wp-json\/wp\/v2\/comments?post=7100"}],"version-history":[{"count":24,"href":"https:\/\/ej-group.eu\/ru\/wp-json\/wp\/v2\/pages\/7100\/revisions"}],"predecessor-version":[{"id":12247,"href":"https:\/\/ej-group.eu\/ru\/wp-json\/wp\/v2\/pages\/7100\/revisions\/12247"}],"wp:attachment":[{"href":"https:\/\/ej-group.eu\/ru\/wp-json\/wp\/v2\/media?parent=7100"}],"curies":[{"name":"wp","href":"https:\/\/api.w.org\/{rel}","templated":true}]}}